{"id":1410,"date":"2023-02-28T14:36:04","date_gmt":"2023-02-28T14:36:04","guid":{"rendered":"https:\/\/schweizerdeutsch-tutor.com\/product\/album\/"},"modified":"2024-12-02T10:53:40","modified_gmt":"2024-12-02T09:53:40","slug":"zurituutsch-fur-aafanger","status":"publish","type":"product","link":"https:\/\/schweizerdeutsch-tutor.com\/en\/product\/zurituutsch-fur-aafanger\/","title":{"rendered":"E-book \u201cZ\u00fcrit\u00fc\u00fctsch f\u00fcr Aaf\u00e4nger\u201d"},"content":{"rendered":"<p>Take the first step and learn Swiss German with our beginner's e-book \"Z\u00fcrit\u00fc\u00fctsch f\u00fcr Aaf\u00e4nger\", which is based on the Z\u00fcrich dialect! This comprehensive guide of over 200 pages covers a variety of grammar topics with theory, vocabulary and exercises to help you improve your reading, writing, speaking and listening skills. You receive the e-book as a PDF document and as a Google Docs version. The e-book itself is written in High German, but the Google Docs version offers translations of difficult words in English. You will also receive an additional e-book with the solutions to the exercises and the transcripts of the listening exercises.<\/p>","protected":false},"excerpt":{"rendered":"<p>Beginner\u2019s e-book \u201cZ\u00fcrit\u00fc\u00fctsch f\u00fcr Aaf\u00e4nger\u201d based on the Z\u00fcrich dialect. Covers various grammar topics on over 200 pages.<\/p>","protected":false},"featured_media":2096,"comment_status":"open","ping_status":"closed","template":"","meta":{"_acf_changed":false,"nf_dc_page":""},"product_brand":[],"product_cat":[32],"product_tag":[],"class_list":{"0":"post-1410","1":"product","2":"type-product","3":"status-publish","4":"has-post-thumbnail","6":"product_cat-lehrbuecher","8":"first","9":"instock","10":"downloadable","11":"virtual","12":"purchasable","13":"product-type-simple"},"acf":[],"ACF":false,"jetpack_sharing_enabled":true,"_links":{"self":[{"href":"https:\/\/schweizerdeutsch-tutor.com\/en\/wp-json\/wp\/v2\/product\/1410","targetHints":{"allow":["GET"]}}],"collection":[{"href":"https:\/\/schweizerdeutsch-tutor.com\/en\/wp-json\/wp\/v2\/product"}],"about":[{"href":"https:\/\/schweizerdeutsch-tutor.com\/en\/wp-json\/wp\/v2\/types\/product"}],"replies":[{"embeddable":true,"href":"https:\/\/schweizerdeutsch-tutor.com\/en\/wp-json\/wp\/v2\/comments?post=1410"}],"wp:featuredmedia":[{"embeddable":true,"href":"https:\/\/schweizerdeutsch-tutor.com\/en\/wp-json\/wp\/v2\/media\/2096"}],"wp:attachment":[{"href":"https:\/\/schweizerdeutsch-tutor.com\/en\/wp-json\/wp\/v2\/media?parent=1410"}],"wp:term":[{"taxonomy":"product_brand","embeddable":true,"href":"https:\/\/schweizerdeutsch-tutor.com\/en\/wp-json\/wp\/v2\/product_brand?post=1410"},{"taxonomy":"product_cat","embeddable":true,"href":"https:\/\/schweizerdeutsch-tutor.com\/en\/wp-json\/wp\/v2\/product_cat?post=1410"},{"taxonomy":"product_tag","embeddable":true,"href":"https:\/\/schweizerdeutsch-tutor.com\/en\/wp-json\/wp\/v2\/product_tag?post=1410"}],"curies":[{"name":"wp","href":"https:\/\/api.w.org\/{rel}","templated":true}]}}