{"id":1411,"date":"2023-02-28T14:38:01","date_gmt":"2023-02-28T14:38:01","guid":{"rendered":"https:\/\/schweizerdeutsch-tutor.com\/?post_type=product&#038;p=1411"},"modified":"2024-12-02T10:53:27","modified_gmt":"2024-12-02T09:53:27","slug":"zurituutsch-fur-fortgschritteni","status":"publish","type":"product","link":"https:\/\/schweizerdeutsch-tutor.com\/en\/product\/zurituutsch-fur-fortgschritteni\/","title":{"rendered":"E-book \u201cZ\u00fcrit\u00fc\u00fctsch f\u00fcr Fortgschritteni\u201d"},"content":{"rendered":"<p>Are you ready to take your Swiss German to the next level? Our e-book for advanced learners, based on the Z\u00fcrich dialect, will help you! Over 170 pages cover advanced grammar topics with theory, vocabulary and exercises to help you improve your reading, writing, speaking and listening skills. You will receive the e-book as a PDF document and as a Google Docs version with translations to help you better understand the content. You will also receive an additional e-book with the solutions to the exercises and the transcripts of the listening exercises so that you can practise independently and reach a higher language level.<\/p>","protected":false},"excerpt":{"rendered":"<p>E-book \u201cZ\u00fcrit\u00fc\u00fctsch f\u00fcr Fortgschritteni\u201d based on the Z\u00fcrich dialect. Covers various grammar topics for advanced learners on over 170 pages.<\/p>","protected":false},"featured_media":2097,"comment_status":"open","ping_status":"closed","template":"","meta":{"_acf_changed":false,"nf_dc_page":""},"product_brand":[],"product_cat":[32],"product_tag":[],"class_list":{"0":"post-1411","1":"product","2":"type-product","3":"status-publish","4":"has-post-thumbnail","6":"product_cat-lehrbuecher","8":"first","9":"instock","10":"downloadable","11":"virtual","12":"purchasable","13":"product-type-simple"},"acf":[],"ACF":false,"jetpack_sharing_enabled":true,"_links":{"self":[{"href":"https:\/\/schweizerdeutsch-tutor.com\/en\/wp-json\/wp\/v2\/product\/1411","targetHints":{"allow":["GET"]}}],"collection":[{"href":"https:\/\/schweizerdeutsch-tutor.com\/en\/wp-json\/wp\/v2\/product"}],"about":[{"href":"https:\/\/schweizerdeutsch-tutor.com\/en\/wp-json\/wp\/v2\/types\/product"}],"replies":[{"embeddable":true,"href":"https:\/\/schweizerdeutsch-tutor.com\/en\/wp-json\/wp\/v2\/comments?post=1411"}],"wp:featuredmedia":[{"embeddable":true,"href":"https:\/\/schweizerdeutsch-tutor.com\/en\/wp-json\/wp\/v2\/media\/2097"}],"wp:attachment":[{"href":"https:\/\/schweizerdeutsch-tutor.com\/en\/wp-json\/wp\/v2\/media?parent=1411"}],"wp:term":[{"taxonomy":"product_brand","embeddable":true,"href":"https:\/\/schweizerdeutsch-tutor.com\/en\/wp-json\/wp\/v2\/product_brand?post=1411"},{"taxonomy":"product_cat","embeddable":true,"href":"https:\/\/schweizerdeutsch-tutor.com\/en\/wp-json\/wp\/v2\/product_cat?post=1411"},{"taxonomy":"product_tag","embeddable":true,"href":"https:\/\/schweizerdeutsch-tutor.com\/en\/wp-json\/wp\/v2\/product_tag?post=1411"}],"curies":[{"name":"wp","href":"https:\/\/api.w.org\/{rel}","templated":true}]}}