{"id":1637,"date":"2023-11-17T12:54:04","date_gmt":"2023-11-17T12:54:04","guid":{"rendered":"https:\/\/schweizerdeutsch-tutor.com\/?post_type=product&#038;p=1637"},"modified":"2024-12-02T10:54:02","modified_gmt":"2024-12-02T09:54:02","slug":"zurituutsch-komplettpaket","status":"publish","type":"product","link":"https:\/\/schweizerdeutsch-tutor.com\/en\/product\/zurituutsch-komplettpaket\/","title":{"rendered":"E-books \u201cZ\u00fcrit\u00fc\u00fctsch Komplettpaket\u201d"},"content":{"rendered":"<p>Take the first step and learn Swiss German with our complete package, which includes the two e-books \"Z\u00fcrit\u00fc\u00fctsch f\u00fcr Aaf\u00e4nger\" and \"Z\u00fcrit\u00fc\u00fctsch f\u00fcr Fortgschritteni\"! This comprehensive work covers a variety of grammar topics with theory, vocabulary and exercises to help you improve your reading, writing, speaking and listening skills. You receive the e-books as PDF documents and as Google Docs versions. The e-books themselves are written in High German, but the Google Docs versions offer translations of difficult words in English. Also included are two further e-books with the solutions to the exercises and the transcripts of the listening exercises so that you can practice even more independently.<\/p>","protected":false},"excerpt":{"rendered":"<p>Complete package consisting of our beginner's e-book \"Z\u00fcrit\u00fc\u00fctsch f\u00fcr Aaf\u00e4nger\" and the accompanying \"Z\u00fcrit\u00fc\u00fctsch f\u00fcr Fortgschritteni\".<\/p>","protected":false},"featured_media":2101,"comment_status":"open","ping_status":"closed","template":"","meta":{"_acf_changed":false,"nf_dc_page":""},"product_brand":[],"product_cat":[32],"product_tag":[],"class_list":{"0":"post-1637","1":"product","2":"type-product","3":"status-publish","4":"has-post-thumbnail","6":"product_cat-lehrbuecher","8":"first","9":"instock","10":"downloadable","11":"virtual","12":"purchasable","13":"product-type-simple"},"acf":[],"ACF":false,"jetpack_sharing_enabled":true,"_links":{"self":[{"href":"https:\/\/schweizerdeutsch-tutor.com\/en\/wp-json\/wp\/v2\/product\/1637","targetHints":{"allow":["GET"]}}],"collection":[{"href":"https:\/\/schweizerdeutsch-tutor.com\/en\/wp-json\/wp\/v2\/product"}],"about":[{"href":"https:\/\/schweizerdeutsch-tutor.com\/en\/wp-json\/wp\/v2\/types\/product"}],"replies":[{"embeddable":true,"href":"https:\/\/schweizerdeutsch-tutor.com\/en\/wp-json\/wp\/v2\/comments?post=1637"}],"wp:featuredmedia":[{"embeddable":true,"href":"https:\/\/schweizerdeutsch-tutor.com\/en\/wp-json\/wp\/v2\/media\/2101"}],"wp:attachment":[{"href":"https:\/\/schweizerdeutsch-tutor.com\/en\/wp-json\/wp\/v2\/media?parent=1637"}],"wp:term":[{"taxonomy":"product_brand","embeddable":true,"href":"https:\/\/schweizerdeutsch-tutor.com\/en\/wp-json\/wp\/v2\/product_brand?post=1637"},{"taxonomy":"product_cat","embeddable":true,"href":"https:\/\/schweizerdeutsch-tutor.com\/en\/wp-json\/wp\/v2\/product_cat?post=1637"},{"taxonomy":"product_tag","embeddable":true,"href":"https:\/\/schweizerdeutsch-tutor.com\/en\/wp-json\/wp\/v2\/product_tag?post=1637"}],"curies":[{"name":"wp","href":"https:\/\/api.w.org\/{rel}","templated":true}]}}